{"id":674,"date":"2023-10-09T12:31:47","date_gmt":"2023-10-09T12:31:47","guid":{"rendered":"https:\/\/test.belinur.newsite.by\/?page_id=674"},"modified":"2023-10-27T08:10:56","modified_gmt":"2023-10-27T08:10:56","slug":"for-partners","status":"publish","type":"page","link":"https:\/\/belinur.by\/de\/for-partners\/","title":{"rendered":"Partnern"},"content":{"rendered":"<div class=\"longText\">\n<p>Geschichte von Belinjurkollegium ist mit Injurkollegium der UdSSR verbunden. 1981 wurde in der damaligen Belarussisch Sozialistischen Sowjetrepublik eine getrennte Gesch\u00e4ftsstelle gegr\u00fcndet. Nach dem Zerfall der Sowjetunion seit 1992 funktioniert Belinjurkollegium als souver\u00e4ne, einheitliche Organisation, die die juristische Hilfe den B\u00fcrgern und juristischen Personen der Republik Belarus in Republik Belarus und im Ausland sowie ausl\u00e4ndischen B\u00fcrgern und juristischen Personen sowie staatenlosen in Republik Belarus und im Ausland bei Durchsetzung von ihren gesetzlichen Rechten und Interessen, darunter bei Ermittlung von Erben und genealogischen Untersuchungen leistet.<\/p>\n<p>W\u00e4hrend der Gesamtzeit seiner T\u00e4tigkeit war Belinjurkollegium und sein Kollektiv unter gesamtem Rechtsanwaltskorps der Republik Belarus durch H\u00f6chstniveau der Kompetenz, Pflichtbewusstsein und Verantwortlichkeit ausgezeichnet. Belinjurkollegium hat sich nichts erlaubt, was seine T\u00e4tigkeit zum Wohl der Mandanten und \u2013 was besonders wichtig ist \u2013 seiner Partner anzweifeln konnte, und hat immer die auf sich genommenen Verpflichtungen erf\u00fcllt.<\/p>\n<p>Dadurch wurde Belinjurkollegium gelungen, die Gesch\u00e4ftsbeziehungen mit mehr als 100 ausl\u00e4ndischen Partnern in mehr als 40 L\u00e4nder der Welt aufzunehmen und zu pflegen (Liste wird beigelegt).<\/p>\n<p>Gesamtkollektiv von Belinjurkollegium m\u00f6chte Hochachtung f\u00fcr alle unsere Partner f\u00fcr fruchtbare Zusammenarbeit und Vertrauen aussprechen. Wir hoffen auf erfolgreiche Zusammenarbeit auch in Zukunft.<\/p>\n<p>Belinjurkollegium ist offen f\u00fcr Zusammenarbeit mit neuen Partnern auf den gegenseitig vorteilhaften Bedingungen und wird gern bereit, Ihre Angebote zu betrachten.<\/p>\n<p>Unsere Kollegen werden bem\u00fchen, alles M\u00f6gliche zu tun, damit Belinjurkollegium weiterhin die gr\u00f6\u00dfte und erfahrenste Organisation in Republik Belarus in Fragen der im Ausland er\u00f6ffneten Erben, darunter Erbenermittlung und genealogische Untersuchungen und eine der gr\u00f6\u00dften Organisationen in diesem Bereich weltweit bleibt.<\/p>\n<\/div>\n<p><strong>T\u00c4TIGKEITSBEREICH VON BELINJURKOLLEGIUM<\/strong><\/p>\n<p><strong>L\u00c4NDERLISTE:<\/strong>\u00a0USA, Australien, \u00d6sterreich, Argentinien, Belgien, Bulgarien, Brasilien, Gro\u00dfbritannien, Deutschland, Israel, Spanien, Irland, Italien, Kanada, Kasachstan, Kongo, Korea, Kuba, Lettland, Libanon, Litauen, Moldawien, Nigeria, Niederlanden, Norwegen, Neuseeland, Paraguay, Polen, Portugal, Russland, Rum\u00e4nien, Serbien, Slowakei, T\u00fcrkei, Usbekistan, Ukraine, Ekuador, Frankreich, Finnland, Kroatien, Schweden, Schweiz, Estland u.a.<\/p>\n","protected":false},"excerpt":{"rendered":"<p>Geschichte von Belinjurkollegium ist mit Injurkollegium der UdSSR verbunden. 1981 wurde in der damaligen Belarussisch Sozialistischen Sowjetrepublik eine getrennte Gesch\u00e4ftsstelle gegr\u00fcndet. Nach dem Zerfall der Sowjetunion seit 1992 funktioniert Belinjurkollegium als souver\u00e4ne, einheitliche Organisation, die die juristische Hilfe den B\u00fcrgern und juristischen Personen der Republik Belarus in Republik Belarus und im Ausland sowie ausl\u00e4ndischen B\u00fcrgern [&hellip;]<\/p>\n","protected":false},"author":1,"featured_media":0,"parent":0,"menu_order":0,"comment_status":"closed","ping_status":"closed","template":"","meta":{"footnotes":""},"class_list":["post-674","page","type-page","status-publish","hentry"],"translation":{"provider":"WPGlobus","version":"2.12.2","language":"de","enabled_languages":["ru","by","en","de","zh"],"languages":{"ru":{"title":true,"content":true,"excerpt":false},"by":{"title":true,"content":true,"excerpt":false},"en":{"title":true,"content":true,"excerpt":false},"de":{"title":true,"content":true,"excerpt":false},"zh":{"title":true,"content":true,"excerpt":false}}},"acf":[],"aioseo_notices":[],"_links":{"self":[{"href":"https:\/\/belinur.by\/de\/wp-json\/wp\/v2\/pages\/674","targetHints":{"allow":["GET"]}}],"collection":[{"href":"https:\/\/belinur.by\/de\/wp-json\/wp\/v2\/pages"}],"about":[{"href":"https:\/\/belinur.by\/de\/wp-json\/wp\/v2\/types\/page"}],"author":[{"embeddable":true,"href":"https:\/\/belinur.by\/de\/wp-json\/wp\/v2\/users\/1"}],"replies":[{"embeddable":true,"href":"https:\/\/belinur.by\/de\/wp-json\/wp\/v2\/comments?post=674"}],"version-history":[{"count":0,"href":"https:\/\/belinur.by\/de\/wp-json\/wp\/v2\/pages\/674\/revisions"}],"wp:attachment":[{"href":"https:\/\/belinur.by\/de\/wp-json\/wp\/v2\/media?parent=674"}],"curies":[{"name":"wp","href":"https:\/\/api.w.org\/{rel}","templated":true}]}}