{"id":594,"date":"2023-10-06T07:48:11","date_gmt":"2023-10-06T07:48:11","guid":{"rendered":"https:\/\/test.belinur.newsite.by\/?page_id=594"},"modified":"2023-11-21T14:12:52","modified_gmt":"2023-11-21T14:12:52","slug":"about","status":"publish","type":"page","link":"https:\/\/belinur.by\/de\/about\/","title":{"rendered":"Gesellschaft"},"content":{"rendered":"<p>Belinjurkollegium leistet juristische Hilfe f\u00fcr B\u00fcrger und juristischen Personen der Republik Belarus in Republik Belarus und im Ausland, f\u00fcr ausl\u00e4ndische B\u00fcrger, Staatenlosen sowie f\u00fcr ausl\u00e4ndische juristische Personen in Republik Belarus bei Durchsetzung von ihren Rechten, Freiheiten und gesetzlichen Interessen, unter anderem bei Erbenermittlungen und genealogischen Untersuchungen.<\/p>\n<p>Effektivit\u00e4t der Arbeit von Belinjurkollegium wird durch<\/p>\n<ul class=\"list-style-1 mb-30\">\n<li style=\"list-style-type: none;\">\n<ul class=\"list-style-1 mb-30\">\n<li>l\u00e4ngere Berufserfahrung;<\/li>\n<li>hohes intellektuelles Potential dessen Rechtsanw\u00e4lte;<\/li>\n<li>Vollvertrauen und strengste Geheimhaltung bei der Arbeit mit Mandanten;<\/li>\n<li>Individualansatz an jeder einzelnen Sache und \u00a0jedem Mandanten gesichert.<\/li>\n<\/ul>\n<\/li>\n<\/ul>\n<p>Hauptrichtungen der T\u00e4tigkeit von Belinjurkollegium:<\/p>\n<p>Ausfertigung von Nachlassrechten der Staatsb\u00fcrger der Republik Belarus, die die im Ausland er\u00f6ffnenden Nachlassrechten betreffen, darunter Erbenermittlungen, Hilfe f\u00fcr ausl\u00e4ndische B\u00fcrger bei Ausfertigung deren ausl\u00e4ndischen Nachlassrechten in Republik Belarus;<br \/>\nErweisung der Rechtshilfe bei der Ersatzleistungen des Schadens, der dem Verm\u00f6gen oder Gesundheit den B\u00fcrgern der Republik Belarus im Ausland den ausl\u00e4ndischen B\u00fcrgern in Republik Belarus angebracht wurde; L\u00f6sungen von Problemen, die mit Familienbeziehungen der B\u00fcrger von verschiedenen Staaten im Zusammenhang stehen;<br \/>\nProzessf\u00fchrung in Kriminalsachen von ausl\u00e4ndischen B\u00fcrgern und Staatenlosen, die zur gerichtlichen Verantwortung in Republik Belarus gezogen werden; Erweisung der Rechtshilfe f\u00fcr B\u00fcrger der Republik Belarus, falls sie zur gerichtliche Verantwortung im Ausland gezogen werden;<br \/>\nErweisung der Rechtshilfe f\u00fcr Wirtschaftssubjekte im Falle der Streitigkeiten zwischen den Parteien, die sich juristische Personen von verschiedenen Staaten darstellen; Hilfe bei dem Erhalt von zugewiesener Rente vom Ausland;<br \/>\nF\u00fchrung der Sachen, die mit Heranziehen zur verwaltungsrechtlichen Haftung von Ausl\u00e4ndern in Republik Belarus im Zusammenhang stehen.<\/p>\n<p>Rechtsanw\u00e4lte von Belinjurkollegium erweisen rechtliche Hilfe und vertreten Interessen von physischen und juristischen Personen ausnahmslos in allen \u00a0Richtungen und Bereichen des Rechts. Wir sind \u00fcberzeugt, dass das Treffen der richtigen Entscheidung von der Berufserfahrung und Berufskenntnissen abh\u00e4ngt. In schwierigen oder neuen F\u00e4llen ziehen wir die Rechtsanw\u00e4lte heran, die im speziellen Bereich Berufserfahrungen besitzen. Belinjurkollegium arbeitet zusammen und pflegt die Kontakte mit Rechtsanw\u00e4lte und Rechtsanwaltskanzleien von verschiedenen L\u00e4nder der Welt, es kann frei f\u00fcr jede einzelne Sache die passenden ausl\u00e4ndischen Fachleute zu w\u00e4hlen.<\/p>\n<p>Nachfrage f\u00fcr juristische Leistungen und Rechtshilfe steigt st\u00e4ndig. Belinjurkollegium erweist die juristische Hilfe f\u00fcr physische und juristische Personen im Ausland. Wir erweisen auch juristische Beratungen und Rechtshilfe f\u00fcr ausl\u00e4ndische Organisationen und B\u00fcrgern sowie f\u00fcr Staatenlosen in Republik Belarus bei Durchsetzung von ihren Rechten, Freiheiten und gesetzlichen Interessen, unter anderem bei Erbenermittlungen und genealogischen Untersuchungen.<\/p>\n<p>Effektivit\u00e4t der Arbeit von Belinjurkollegium wurde von Tausenden der Mandanten best\u00e4tigt, die an uns gewendet hatten.<br \/>\nBelinjurkollegium das sind die qualit\u00e4tsm\u00e4\u00dfigen<\/p>\n<p>juristische Leistungen\u00a0 bei Ausfertigung von Nachlassrechten der Staatsb\u00fcrger der Republik Belarus im Ausland, darunter Erbenermittlungen in Republik Belarus;<br \/>\nRechtshilfe f\u00fcr ausl\u00e4ndische B\u00fcrger bei Ausfertigung deren ausl\u00e4ndischen Nachlassrechten in Republik Belarus;<br \/>\nRechtshilfe bei der Ersatzleistungen des Schadens, der dem Verm\u00f6gen oder Gesundheit den B\u00fcrgern der Republik Belarus im Ausland;<br \/>\nRechtshilfe f\u00fcr ausl\u00e4ndische B\u00fcrger in Republik Belarus;<br \/>\njuristische Beratungen und Rechtshilfe, die mit Familienbeziehungen der B\u00fcrger von verschiedenen Staaten im Zusammenhang stehen;<br \/>\njuristische Leistungen bei der Prozessf\u00fchrung in Kriminalsachen von ausl\u00e4ndischen B\u00fcrgern und Staatenlosen, die zur gerichtlichen Verantwortung in Republik Belarus gezogen werden;<br \/>\nRechtshilfe f\u00fcr Wirtschaftssubjekte im Falle der Streitigkeiten zwischen den Parteien, die sich juristische Personen von verschiedenen Staaten darstellen;<br \/>\nRechtshilfe bei dem Erhalt von zugewiesener Rente vom Ausland;<br \/>\njuristische Leistungen bei der F\u00fchrung der Sachen, die mit Heranziehen zur verwaltungsrechtlichen Haftung von Ausl\u00e4ndern in Republik Belarus im Zusammenhang stehen.<\/p>\n<p>Belinjurkollegium\u00a0 nimmt Interessen von seinen Mandanten ernst, darum ziehen wir in besonders schwierigen F\u00e4llen die besten spezialisierten Juristen heran, um f\u00fcr unsere mandanten effektive Rechtshilfe zu erweisen. Belinjurkollegium arbeitet mit bekannten Juristen in Mehrheit der Weltstaaten zusammen. Wenn Sie an uns um juristische Beratung wenden, bekommen Sie immer die richtige Antwort!<\/p>\n<p>Belinjurkollegium ist f\u00fcr Zusammenarbeit mit allen Partner ge\u00f6ffnet, die die Prinzipien und Bedingungen unserer Arbeit teilen!<\/p>\n","protected":false},"excerpt":{"rendered":"<p>Belinjurkollegium leistet juristische Hilfe f\u00fcr B\u00fcrger und juristischen Personen der Republik Belarus in Republik Belarus und im Ausland, f\u00fcr ausl\u00e4ndische B\u00fcrger, Staatenlosen sowie f\u00fcr ausl\u00e4ndische juristische Personen in Republik Belarus bei Durchsetzung von ihren Rechten, Freiheiten und gesetzlichen Interessen, unter anderem bei Erbenermittlungen und genealogischen Untersuchungen.<\/p>\n<p>Effektivit\u00e4t der Arbeit von Belinjurkollegium wird durch<\/p>\n<ul class=\"list-style-1 mb-30\">\n<li>l\u00e4ngere Berufserfahrung;<\/li>\n<li>hohes intellektuelles Potential dessen Rechtsanw\u00e4lte;<\/li>\n<li>Vollvertrauen und strengste Geheimhaltung bei der Arbeit mit Mandanten;<\/li>\n<li>Individualansatz an jeder einzelnen Sache und  jedem Mandanten gesichert.<\/li>\n","protected":false},"author":1,"featured_media":0,"parent":0,"menu_order":0,"comment_status":"closed","ping_status":"closed","template":"page-templates\/about.php","meta":{"footnotes":""},"class_list":["post-594","page","type-page","status-publish","hentry"],"translation":{"provider":"WPGlobus","version":"2.12.2","language":"de","enabled_languages":["ru","by","en","de","zh"],"languages":{"ru":{"title":true,"content":true,"excerpt":true},"by":{"title":true,"content":true,"excerpt":true},"en":{"title":true,"content":true,"excerpt":true},"de":{"title":true,"content":true,"excerpt":true},"zh":{"title":true,"content":true,"excerpt":true}}},"acf":[],"aioseo_notices":[],"_links":{"self":[{"href":"https:\/\/belinur.by\/de\/wp-json\/wp\/v2\/pages\/594","targetHints":{"allow":["GET"]}}],"collection":[{"href":"https:\/\/belinur.by\/de\/wp-json\/wp\/v2\/pages"}],"about":[{"href":"https:\/\/belinur.by\/de\/wp-json\/wp\/v2\/types\/page"}],"author":[{"embeddable":true,"href":"https:\/\/belinur.by\/de\/wp-json\/wp\/v2\/users\/1"}],"replies":[{"embeddable":true,"href":"https:\/\/belinur.by\/de\/wp-json\/wp\/v2\/comments?post=594"}],"version-history":[{"count":0,"href":"https:\/\/belinur.by\/de\/wp-json\/wp\/v2\/pages\/594\/revisions"}],"wp:attachment":[{"href":"https:\/\/belinur.by\/de\/wp-json\/wp\/v2\/media?parent=594"}],"curies":[{"name":"wp","href":"https:\/\/api.w.org\/{rel}","templated":true}]}}